{"id":648,"date":"2023-11-10T17:50:19","date_gmt":"2023-11-10T16:50:19","guid":{"rendered":"https:\/\/soniaouro.com\/contact\/"},"modified":"2025-05-22T12:11:57","modified_gmt":"2025-05-22T10:11:57","slug":"contacto","status":"publish","type":"page","link":"https:\/\/alberguesanjosenegreira.es\/en\/contacto\/","title":{"rendered":"Contact"},"content":{"rendered":"\t\t<div data-elementor-type=\"wp-page\" data-elementor-id=\"648\" class=\"elementor elementor-648\">\n\t\t\t\t<div class=\"elementor-element elementor-element-244b342 e-flex e-con-boxed e-con e-parent\" data-id=\"244b342\" data-element_type=\"container\" data-e-type=\"container\" data-settings=\"{&quot;background_background&quot;:&quot;classic&quot;}\">\n\t\t\t\t\t<div class=\"e-con-inner\">\n\t\t\t\t\t<\/div>\n\t\t\t\t<\/div>\n\t\t<div class=\"elementor-element elementor-element-b99abe7 e-flex e-con-boxed e-con e-parent\" data-id=\"b99abe7\" data-element_type=\"container\" data-e-type=\"container\">\n\t\t\t\t\t<div class=\"e-con-inner\">\n\t\t\t\t<div class=\"elementor-element elementor-element-f2c6671 elementor-widget elementor-widget-heading\" data-id=\"f2c6671\" data-element_type=\"widget\" data-e-type=\"widget\" data-widget_type=\"heading.default\">\n\t\t\t\t<div class=\"elementor-widget-container\">\n\t\t\t\t\t<h2 class=\"elementor-heading-title elementor-size-default\">CONTACTO<\/h2>\t\t\t\t<\/div>\n\t\t\t\t<\/div>\n\t\t\t\t\t<\/div>\n\t\t\t\t<\/div>\n\t\t<div class=\"elementor-element elementor-element-ef92852 e-flex e-con-boxed e-con e-parent\" data-id=\"ef92852\" data-element_type=\"container\" data-e-type=\"container\">\n\t\t\t\t\t<div class=\"e-con-inner\">\n\t\t<div class=\"elementor-element elementor-element-c03b0d8 e-con-full e-flex e-con e-child\" data-id=\"c03b0d8\" data-element_type=\"container\" data-e-type=\"container\">\n\t\t\t\t<div class=\"elementor-element elementor-element-aca7b47 elementor-widget elementor-widget-wpforms\" data-id=\"aca7b47\" data-element_type=\"widget\" data-e-type=\"widget\" data-widget_type=\"wpforms.default\">\n\t\t\t\t<div class=\"elementor-widget-container\">\n\t\t\t\t\t<div class=\"wpforms-container wpforms-container-full wpforms-render-modern\" id=\"wpforms-1331\"><form id=\"wpforms-form-1331\" class=\"wpforms-validate wpforms-form wpforms-ajax-form\" data-formid=\"1331\" method=\"post\" enctype=\"multipart\/form-data\" action=\"\/en\/wp-json\/wp\/v2\/pages\/648\" data-token=\"6bbc8c4e2640b22e481143467acc27d7\" data-token-time=\"1777363596\"><noscript class=\"wpforms-error-noscript\">Please enable JavaScript in your browser to complete this form.<\/noscript><div id=\"wpforms-error-noscript\" style=\"display: none;\">Please enable JavaScript in your browser to complete this form.<\/div><div class=\"wpforms-field-container\"><div id=\"wpforms-1331-field_0-container\" class=\"wpforms-field wpforms-field-name\" data-field-id=\"0\"><label class=\"wpforms-field-label\" for=\"wpforms-1331-field_0\">Nombre <span class=\"wpforms-required-label\" aria-hidden=\"true\">*<\/span><\/label><input type=\"text\" id=\"wpforms-1331-field_0\" class=\"wpforms-field-medium wpforms-field-required\" name=\"wpforms[fields][0]\" aria-errormessage=\"wpforms-1331-field_0-error\" required><\/div><div id=\"wpforms-1331-field_3-container\" class=\"wpforms-field wpforms-field-name\" data-field-id=\"3\"><label class=\"wpforms-field-label\" for=\"wpforms-1331-field_3\">Tel\u00e9fono <span class=\"wpforms-required-label\" aria-hidden=\"true\">*<\/span><\/label><input type=\"text\" id=\"wpforms-1331-field_3\" class=\"wpforms-field-medium wpforms-field-required\" name=\"wpforms[fields][3]\" aria-errormessage=\"wpforms-1331-field_3-error\" required><\/div><div id=\"wpforms-1331-field_1-container\" class=\"wpforms-field wpforms-field-email\" data-field-id=\"1\"><label class=\"wpforms-field-label\" for=\"wpforms-1331-field_1\">Correo electr\u00f3nico <span class=\"wpforms-required-label\" aria-hidden=\"true\">*<\/span><\/label><input type=\"email\" id=\"wpforms-1331-field_1\" class=\"wpforms-field-medium wpforms-field-required\" name=\"wpforms[fields][1]\" spellcheck=\"false\" aria-errormessage=\"wpforms-1331-field_1-error\" required><\/div><div id=\"wpforms-1331-field_2-container\" class=\"wpforms-field wpforms-field-textarea\" data-field-id=\"2\"><label class=\"wpforms-field-label\" for=\"wpforms-1331-field_2\">Consulta <span class=\"wpforms-required-label\" aria-hidden=\"true\">*<\/span><\/label><textarea id=\"wpforms-1331-field_2\" class=\"wpforms-field-medium wpforms-field-required\" name=\"wpforms[fields][2]\" aria-errormessage=\"wpforms-1331-field_2-error\" required><\/textarea><\/div><\/div><!-- .wpforms-field-container --><div class=\"wpforms-recaptcha-container wpforms-is-turnstile\" ><div class=\"wpforms-turnstile\" data-sitekey=\"0x4AAAAAABnaJKXARvnoG6Ky\" data-action=\"FormID-1331\"><\/div><input type=\"text\" name=\"g-recaptcha-hidden\" class=\"wpforms-recaptcha-hidden\" style=\"position:absolute!important;clip:rect(0,0,0,0)!important;height:1px!important;width:1px!important;border:0!important;overflow:hidden!important;padding:0!important;margin:0!important;\" data-rule-turnstile=\"1\"><\/div><div class=\"wpforms-submit-container\" ><input type=\"hidden\" name=\"wpforms[id]\" value=\"1331\"><input type=\"hidden\" name=\"page_title\" value=\"\"><input type=\"hidden\" name=\"page_url\" value=\"https:\/\/alberguesanjosenegreira.es\/en\/wp-json\/wp\/v2\/pages\/648\"><input type=\"hidden\" name=\"url_referer\" value=\"\"><button type=\"submit\" name=\"wpforms[submit]\" id=\"wpforms-submit-1331\" class=\"wpforms-submit\" data-alt-text=\"Enviando...\" data-submit-text=\"Enviar\" aria-live=\"assertive\" value=\"wpforms-submit\">Enviar<\/button><img decoding=\"async\" src=\"https:\/\/alberguesanjosenegreira.es\/wp-content\/plugins\/wpforms-lite\/assets\/images\/submit-spin.svg\" class=\"wpforms-submit-spinner\" style=\"display: none;\" width=\"26\" height=\"26\" alt=\"Loading\"><\/div><\/form><\/div>  <!-- .wpforms-container -->\t\t\t\t<\/div>\n\t\t\t\t<\/div>\n\t\t\t\t<\/div>\n\t\t<div class=\"elementor-element elementor-element-cb0ae3c e-con-full e-flex e-con e-child\" data-id=\"cb0ae3c\" data-element_type=\"container\" data-e-type=\"container\">\n\t\t<div class=\"elementor-element elementor-element-5659f2b e-con-full e-flex e-con e-child\" data-id=\"5659f2b\" data-element_type=\"container\" data-e-type=\"container\">\n\t\t\t\t<div class=\"elementor-element elementor-element-c368ed9 elementor-view-default elementor-widget elementor-widget-icon\" data-id=\"c368ed9\" data-element_type=\"widget\" data-e-type=\"widget\" data-widget_type=\"icon.default\">\n\t\t\t\t<div class=\"elementor-widget-container\">\n\t\t\t\t\t\t\t<div class=\"elementor-icon-wrapper\">\n\t\t\t<div class=\"elementor-icon\">\n\t\t\t<svg aria-hidden=\"true\" class=\"e-font-icon-svg e-fas-phone-alt\" viewBox=\"0 0 512 512\" xmlns=\"http:\/\/www.w3.org\/2000\/svg\"><path d=\"M497.39 361.8l-112-48a24 24 0 0 0-28 6.9l-49.6 60.6A370.66 370.66 0 0 1 130.6 204.11l60.6-49.6a23.94 23.94 0 0 0 6.9-28l-48-112A24.16 24.16 0 0 0 122.6.61l-104 24A24 24 0 0 0 0 48c0 256.5 207.9 464 464 464a24 24 0 0 0 23.4-18.6l24-104a24.29 24.29 0 0 0-14.01-27.6z\"><\/path><\/svg>\t\t\t<\/div>\n\t\t<\/div>\n\t\t\t\t\t\t<\/div>\n\t\t\t\t<\/div>\n\t\t\t\t<div class=\"elementor-element elementor-element-5d528c7 elementor-widget elementor-widget-text-editor\" data-id=\"5d528c7\" data-element_type=\"widget\" data-e-type=\"widget\" data-widget_type=\"text-editor.default\">\n\t\t\t\t<div class=\"elementor-widget-container\">\n\t\t\t\t\t\t\t\t\t<p style=\"text-align: center;\">+ 34 691 771 423<\/p><p style=\"text-align: center;\">+34 657 686 370<\/p><p style=\"text-align: center;\">+34 881 976 934<\/p>\t\t\t\t\t\t\t\t<\/div>\n\t\t\t\t<\/div>\n\t\t\t\t<\/div>\n\t\t<div class=\"elementor-element elementor-element-48e9f7a e-con-full e-flex e-con e-child\" data-id=\"48e9f7a\" data-element_type=\"container\" data-e-type=\"container\">\n\t\t\t\t<div class=\"elementor-element elementor-element-a68d5ac elementor-view-default elementor-widget elementor-widget-icon\" data-id=\"a68d5ac\" data-element_type=\"widget\" data-e-type=\"widget\" data-widget_type=\"icon.default\">\n\t\t\t\t<div class=\"elementor-widget-container\">\n\t\t\t\t\t\t\t<div class=\"elementor-icon-wrapper\">\n\t\t\t<a class=\"elementor-icon\" href=\"mailto:info@alberguesanjose.es\">\n\t\t\t<svg aria-hidden=\"true\" class=\"e-font-icon-svg e-far-envelope\" viewBox=\"0 0 512 512\" xmlns=\"http:\/\/www.w3.org\/2000\/svg\"><path d=\"M464 64H48C21.49 64 0 85.49 0 112v288c0 26.51 21.49 48 48 48h416c26.51 0 48-21.49 48-48V112c0-26.51-21.49-48-48-48zm0 48v40.805c-22.422 18.259-58.168 46.651-134.587 106.49-16.841 13.247-50.201 45.072-73.413 44.701-23.208.375-56.579-31.459-73.413-44.701C106.18 199.465 70.425 171.067 48 152.805V112h416zM48 400V214.398c22.914 18.251 55.409 43.862 104.938 82.646 21.857 17.205 60.134 55.186 103.062 54.955 42.717.231 80.509-37.199 103.053-54.947 49.528-38.783 82.032-64.401 104.947-82.653V400H48z\"><\/path><\/svg>\t\t\t<\/a>\n\t\t<\/div>\n\t\t\t\t\t\t<\/div>\n\t\t\t\t<\/div>\n\t\t\t\t<div class=\"elementor-element elementor-element-d27ec70 elementor-widget elementor-widget-text-editor\" data-id=\"d27ec70\" data-element_type=\"widget\" data-e-type=\"widget\" data-widget_type=\"text-editor.default\">\n\t\t\t\t<div class=\"elementor-widget-container\">\n\t\t\t\t\t\t\t\t\t<p style=\"text-align: center;\">info@alberguesanjose.es<\/p>\t\t\t\t\t\t\t\t<\/div>\n\t\t\t\t<\/div>\n\t\t\t\t<\/div>\n\t\t<div class=\"elementor-element elementor-element-751253d e-con-full e-flex e-con e-child\" data-id=\"751253d\" data-element_type=\"container\" data-e-type=\"container\">\n\t\t\t\t<div class=\"elementor-element elementor-element-1eca02c elementor-view-default elementor-widget elementor-widget-icon\" data-id=\"1eca02c\" data-element_type=\"widget\" data-e-type=\"widget\" data-widget_type=\"icon.default\">\n\t\t\t\t<div class=\"elementor-widget-container\">\n\t\t\t\t\t\t\t<div class=\"elementor-icon-wrapper\">\n\t\t\t<div class=\"elementor-icon\">\n\t\t\t<svg aria-hidden=\"true\" class=\"e-font-icon-svg e-fas-map-marker-alt\" viewBox=\"0 0 384 512\" xmlns=\"http:\/\/www.w3.org\/2000\/svg\"><path d=\"M172.268 501.67C26.97 291.031 0 269.413 0 192 0 85.961 85.961 0 192 0s192 85.961 192 192c0 77.413-26.97 99.031-172.268 309.67-9.535 13.774-29.93 13.773-39.464 0zM192 272c44.183 0 80-35.817 80-80s-35.817-80-80-80-80 35.817-80 80 35.817 80 80 80z\"><\/path><\/svg>\t\t\t<\/div>\n\t\t<\/div>\n\t\t\t\t\t\t<\/div>\n\t\t\t\t<\/div>\n\t\t\t\t<div class=\"elementor-element elementor-element-f4db7d0 elementor-widget elementor-widget-text-editor\" data-id=\"f4db7d0\" data-element_type=\"widget\" data-e-type=\"widget\" data-widget_type=\"text-editor.default\">\n\t\t\t\t<div class=\"elementor-widget-container\">\n\t\t\t\t\t\t\t\t\t<p style=\"text-align: center;\">R\u00faa Castelao 20<\/p><p style=\"text-align: center;\">\u00a0Negreira 15830 A Coru\u00f1a<\/p>\t\t\t\t\t\t\t\t<\/div>\n\t\t\t\t<\/div>\n\t\t\t\t<\/div>\n\t\t\t\t<\/div>\n\t\t\t\t\t<\/div>\n\t\t\t\t<\/div>\n\t\t<div class=\"elementor-element elementor-element-8a6d98e e-con-full e-flex e-con e-parent\" data-id=\"8a6d98e\" data-element_type=\"container\" data-e-type=\"container\">\n\t\t\t\t<div class=\"elementor-element elementor-element-6f79868 elementor-widget elementor-widget-google_maps\" data-id=\"6f79868\" data-element_type=\"widget\" data-e-type=\"widget\" data-widget_type=\"google_maps.default\">\n\t\t\t\t<div class=\"elementor-widget-container\">\n\t\t\t\t\t\t\t<div class=\"elementor-custom-embed\">\n\t\t\t<iframe loading=\"lazy\"\n\t\t\t\t\tsrc=\"https:\/\/maps.google.com\/maps?q=Albergue%20San%20Jose%20Negreira&#038;t=m&#038;z=16&#038;output=embed&#038;iwloc=near\"\n\t\t\t\t\ttitle=\"Albergue San Jose Negreira\"\n\t\t\t\t\taria-label=\"Albergue San Jose Negreira\"\n\t\t\t><\/iframe>\n\t\t<\/div>\n\t\t\t\t\t\t<\/div>\n\t\t\t\t<\/div>\n\t\t\t\t<\/div>\n\t\t\t\t<\/div>\n\t\t","protected":false},"excerpt":{"rendered":"<p>CONTACTO Por favor, activa JavaScript en tu navegador para completar este formulario.Por favor, activa JavaScript en tu navegador para completar este formulario.Nombre *Tel\u00e9fono *Correo electr\u00f3nico *Consulta * Enviar + 34 691 771 423 +34 657 686 370 +34 881 976 934 info@alberguesanjose.es R\u00faa Castelao 20 \u00a0Negreira 15830 A Coru\u00f1a<\/p>","protected":false},"author":1,"featured_media":2503,"parent":0,"menu_order":0,"comment_status":"closed","ping_status":"closed","template":"","meta":{"neve_meta_sidebar":"default","neve_meta_container":"full-width","neve_meta_enable_content_width":"","neve_meta_content_width":0,"neve_meta_title_alignment":"center","neve_meta_author_avatar":"","neve_post_elements_order":"","neve_meta_disable_header":"","neve_meta_disable_footer":"","neve_meta_disable_title":"on","neve_meta_reading_time":"","_ti_tpc_template_sync":false,"_ti_tpc_template_id":"","footnotes":""},"class_list":["post-648","page","type-page","status-publish","has-post-thumbnail","hentry"],"yoast_head":"<!-- This site is optimized with the Yoast SEO plugin v27.2 - https:\/\/yoast.com\/product\/yoast-seo-wordpress\/ -->\n<title>Contacto - Albergue San Jos\u00e9<\/title>\n<meta name=\"description\" content=\"Direcci\u00f3n: R\u00faa Castelao 20 Negreira 15830 A Coru\u00f1a. Email: info@alberguesanjose.es Tel\u00e9fono: +34 881 976 934\" \/>\n<meta name=\"robots\" content=\"index, follow, max-snippet:-1, max-image-preview:large, max-video-preview:-1\" \/>\n<link rel=\"canonical\" href=\"https:\/\/alberguesanjosenegreira.es\/en\/contacto\/\" \/>\n<meta property=\"og:locale\" content=\"en_GB\" \/>\n<meta property=\"og:type\" content=\"article\" \/>\n<meta property=\"og:title\" content=\"Contacto - Albergue San Jos\u00e9\" \/>\n<meta property=\"og:description\" content=\"Direcci\u00f3n: R\u00faa Castelao 20 Negreira 15830 A Coru\u00f1a. Email: info@alberguesanjose.es Tel\u00e9fono: +34 881 976 934\" \/>\n<meta property=\"og:url\" content=\"https:\/\/alberguesanjosenegreira.es\/en\/contacto\/\" \/>\n<meta property=\"og:site_name\" content=\"Albergue San Jos\u00e9\" \/>\n<meta property=\"article:modified_time\" content=\"2025-05-22T10:11:57+00:00\" \/>\n<meta property=\"og:image\" content=\"https:\/\/alberguesanjosenegreira.es\/wp-content\/uploads\/2025\/03\/Diseno-sin-titulo.png\" \/>\n\t<meta property=\"og:image:width\" content=\"320\" \/>\n\t<meta property=\"og:image:height\" content=\"320\" \/>\n\t<meta property=\"og:image:type\" content=\"image\/png\" \/>\n<meta name=\"twitter:card\" content=\"summary_large_image\" \/>\n<meta name=\"twitter:label1\" content=\"Estimated reading time\" \/>\n\t<meta name=\"twitter:data1\" content=\"1 minute\" \/>\n<script type=\"application\/ld+json\" class=\"yoast-schema-graph\">{\"@context\":\"https:\/\/schema.org\",\"@graph\":[{\"@type\":\"WebPage\",\"@id\":\"https:\/\/alberguesanjosenegreira.es\/contacto\/\",\"url\":\"https:\/\/alberguesanjosenegreira.es\/contacto\/\",\"name\":\"Contacto - Albergue San Jos\u00e9\",\"isPartOf\":{\"@id\":\"https:\/\/alberguesanjosenegreira.es\/#website\"},\"primaryImageOfPage\":{\"@id\":\"https:\/\/alberguesanjosenegreira.es\/contacto\/#primaryimage\"},\"image\":{\"@id\":\"https:\/\/alberguesanjosenegreira.es\/contacto\/#primaryimage\"},\"thumbnailUrl\":\"https:\/\/alberguesanjosenegreira.es\/wp-content\/uploads\/2025\/03\/Diseno-sin-titulo.png\",\"datePublished\":\"2023-11-10T16:50:19+00:00\",\"dateModified\":\"2025-05-22T10:11:57+00:00\",\"description\":\"Direcci\u00f3n: R\u00faa Castelao 20 Negreira 15830 A Coru\u00f1a. Email: info@alberguesanjose.es Tel\u00e9fono: +34 881 976 934\",\"breadcrumb\":{\"@id\":\"https:\/\/alberguesanjosenegreira.es\/contacto\/#breadcrumb\"},\"inLanguage\":\"en-GB\",\"potentialAction\":[{\"@type\":\"ReadAction\",\"target\":[\"https:\/\/alberguesanjosenegreira.es\/contacto\/\"]}]},{\"@type\":\"ImageObject\",\"inLanguage\":\"en-GB\",\"@id\":\"https:\/\/alberguesanjosenegreira.es\/contacto\/#primaryimage\",\"url\":\"https:\/\/alberguesanjosenegreira.es\/wp-content\/uploads\/2025\/03\/Diseno-sin-titulo.png\",\"contentUrl\":\"https:\/\/alberguesanjosenegreira.es\/wp-content\/uploads\/2025\/03\/Diseno-sin-titulo.png\",\"width\":320,\"height\":320},{\"@type\":\"BreadcrumbList\",\"@id\":\"https:\/\/alberguesanjosenegreira.es\/contacto\/#breadcrumb\",\"itemListElement\":[{\"@type\":\"ListItem\",\"position\":1,\"name\":\"Portada\",\"item\":\"https:\/\/alberguesanjosenegreira.es\/\"},{\"@type\":\"ListItem\",\"position\":2,\"name\":\"Contacto\"}]},{\"@type\":\"WebSite\",\"@id\":\"https:\/\/alberguesanjosenegreira.es\/#website\",\"url\":\"https:\/\/alberguesanjosenegreira.es\/\",\"name\":\"AT Negreira no Cami\u00f1o\",\"description\":\"Albergue San Jos\u00e9\",\"publisher\":{\"@id\":\"https:\/\/alberguesanjosenegreira.es\/#organization\"},\"potentialAction\":[{\"@type\":\"SearchAction\",\"target\":{\"@type\":\"EntryPoint\",\"urlTemplate\":\"https:\/\/alberguesanjosenegreira.es\/?s={search_term_string}\"},\"query-input\":{\"@type\":\"PropertyValueSpecification\",\"valueRequired\":true,\"valueName\":\"search_term_string\"}}],\"inLanguage\":\"en-GB\"},{\"@type\":\"Organization\",\"@id\":\"https:\/\/alberguesanjosenegreira.es\/#organization\",\"name\":\"AT Negreira no Cami\u00f1o\",\"url\":\"https:\/\/alberguesanjosenegreira.es\/\",\"logo\":{\"@type\":\"ImageObject\",\"inLanguage\":\"en-GB\",\"@id\":\"https:\/\/alberguesanjosenegreira.es\/#\/schema\/logo\/image\/\",\"url\":\"https:\/\/alberguesanjosenegreira.es\/wp-content\/uploads\/2024\/06\/DSC07749-HDR-scaled.jpg\",\"contentUrl\":\"https:\/\/alberguesanjosenegreira.es\/wp-content\/uploads\/2024\/06\/DSC07749-HDR-scaled.jpg\",\"width\":2560,\"height\":1707,\"caption\":\"AT Negreira no Cami\u00f1o\"},\"image\":{\"@id\":\"https:\/\/alberguesanjosenegreira.es\/#\/schema\/logo\/image\/\"}}]}<\/script>\n<!-- \/ Yoast SEO plugin. -->","yoast_head_json":{"title":"Contacto - Albergue San Jos\u00e9","description":"Direcci\u00f3n: R\u00faa Castelao 20 Negreira 15830 A Coru\u00f1a. Email: info@alberguesanjose.es Tel\u00e9fono: +34 881 976 934","robots":{"index":"index","follow":"follow","max-snippet":"max-snippet:-1","max-image-preview":"max-image-preview:large","max-video-preview":"max-video-preview:-1"},"canonical":"https:\/\/alberguesanjosenegreira.es\/en\/contacto\/","og_locale":"en_GB","og_type":"article","og_title":"Contacto - Albergue San Jos\u00e9","og_description":"Direcci\u00f3n: R\u00faa Castelao 20 Negreira 15830 A Coru\u00f1a. Email: info@alberguesanjose.es Tel\u00e9fono: +34 881 976 934","og_url":"https:\/\/alberguesanjosenegreira.es\/en\/contacto\/","og_site_name":"Albergue San Jos\u00e9","article_modified_time":"2025-05-22T10:11:57+00:00","og_image":[{"width":320,"height":320,"url":"https:\/\/alberguesanjosenegreira.es\/wp-content\/uploads\/2025\/03\/Diseno-sin-titulo.png","type":"image\/png"}],"twitter_card":"summary_large_image","twitter_misc":{"Estimated reading time":"1 minute"},"schema":{"@context":"https:\/\/schema.org","@graph":[{"@type":"WebPage","@id":"https:\/\/alberguesanjosenegreira.es\/contacto\/","url":"https:\/\/alberguesanjosenegreira.es\/contacto\/","name":"Contacto - Albergue San Jos\u00e9","isPartOf":{"@id":"https:\/\/alberguesanjosenegreira.es\/#website"},"primaryImageOfPage":{"@id":"https:\/\/alberguesanjosenegreira.es\/contacto\/#primaryimage"},"image":{"@id":"https:\/\/alberguesanjosenegreira.es\/contacto\/#primaryimage"},"thumbnailUrl":"https:\/\/alberguesanjosenegreira.es\/wp-content\/uploads\/2025\/03\/Diseno-sin-titulo.png","datePublished":"2023-11-10T16:50:19+00:00","dateModified":"2025-05-22T10:11:57+00:00","description":"Direcci\u00f3n: R\u00faa Castelao 20 Negreira 15830 A Coru\u00f1a. Email: info@alberguesanjose.es Tel\u00e9fono: +34 881 976 934","breadcrumb":{"@id":"https:\/\/alberguesanjosenegreira.es\/contacto\/#breadcrumb"},"inLanguage":"en-GB","potentialAction":[{"@type":"ReadAction","target":["https:\/\/alberguesanjosenegreira.es\/contacto\/"]}]},{"@type":"ImageObject","inLanguage":"en-GB","@id":"https:\/\/alberguesanjosenegreira.es\/contacto\/#primaryimage","url":"https:\/\/alberguesanjosenegreira.es\/wp-content\/uploads\/2025\/03\/Diseno-sin-titulo.png","contentUrl":"https:\/\/alberguesanjosenegreira.es\/wp-content\/uploads\/2025\/03\/Diseno-sin-titulo.png","width":320,"height":320},{"@type":"BreadcrumbList","@id":"https:\/\/alberguesanjosenegreira.es\/contacto\/#breadcrumb","itemListElement":[{"@type":"ListItem","position":1,"name":"Portada","item":"https:\/\/alberguesanjosenegreira.es\/"},{"@type":"ListItem","position":2,"name":"Contacto"}]},{"@type":"WebSite","@id":"https:\/\/alberguesanjosenegreira.es\/#website","url":"https:\/\/alberguesanjosenegreira.es\/","name":"AT Negreira no Cami\u00f1o","description":"Albergue San Jos\u00e9","publisher":{"@id":"https:\/\/alberguesanjosenegreira.es\/#organization"},"potentialAction":[{"@type":"SearchAction","target":{"@type":"EntryPoint","urlTemplate":"https:\/\/alberguesanjosenegreira.es\/?s={search_term_string}"},"query-input":{"@type":"PropertyValueSpecification","valueRequired":true,"valueName":"search_term_string"}}],"inLanguage":"en-GB"},{"@type":"Organization","@id":"https:\/\/alberguesanjosenegreira.es\/#organization","name":"AT Negreira no Cami\u00f1o","url":"https:\/\/alberguesanjosenegreira.es\/","logo":{"@type":"ImageObject","inLanguage":"en-GB","@id":"https:\/\/alberguesanjosenegreira.es\/#\/schema\/logo\/image\/","url":"https:\/\/alberguesanjosenegreira.es\/wp-content\/uploads\/2024\/06\/DSC07749-HDR-scaled.jpg","contentUrl":"https:\/\/alberguesanjosenegreira.es\/wp-content\/uploads\/2024\/06\/DSC07749-HDR-scaled.jpg","width":2560,"height":1707,"caption":"AT Negreira no Cami\u00f1o"},"image":{"@id":"https:\/\/alberguesanjosenegreira.es\/#\/schema\/logo\/image\/"}}]}},"_links":{"self":[{"href":"https:\/\/alberguesanjosenegreira.es\/en\/wp-json\/wp\/v2\/pages\/648","targetHints":{"allow":["GET"]}}],"collection":[{"href":"https:\/\/alberguesanjosenegreira.es\/en\/wp-json\/wp\/v2\/pages"}],"about":[{"href":"https:\/\/alberguesanjosenegreira.es\/en\/wp-json\/wp\/v2\/types\/page"}],"author":[{"embeddable":true,"href":"https:\/\/alberguesanjosenegreira.es\/en\/wp-json\/wp\/v2\/users\/1"}],"replies":[{"embeddable":true,"href":"https:\/\/alberguesanjosenegreira.es\/en\/wp-json\/wp\/v2\/comments?post=648"}],"version-history":[{"count":37,"href":"https:\/\/alberguesanjosenegreira.es\/en\/wp-json\/wp\/v2\/pages\/648\/revisions"}],"predecessor-version":[{"id":2545,"href":"https:\/\/alberguesanjosenegreira.es\/en\/wp-json\/wp\/v2\/pages\/648\/revisions\/2545"}],"wp:featuredmedia":[{"embeddable":true,"href":"https:\/\/alberguesanjosenegreira.es\/en\/wp-json\/wp\/v2\/media\/2503"}],"wp:attachment":[{"href":"https:\/\/alberguesanjosenegreira.es\/en\/wp-json\/wp\/v2\/media?parent=648"}],"curies":[{"name":"wp","href":"https:\/\/api.w.org\/{rel}","templated":true}]}}