{"id":2454,"date":"2025-03-03T12:28:12","date_gmt":"2025-03-03T11:28:12","guid":{"rendered":"https:\/\/alberguesanjosenegreira.es\/?page_id=2454"},"modified":"2026-03-13T11:40:04","modified_gmt":"2026-03-13T10:40:04","slug":"precios","status":"publish","type":"page","link":"https:\/\/alberguesanjosenegreira.es\/en\/precios\/","title":{"rendered":"Precios"},"content":{"rendered":"\t\t<div data-elementor-type=\"wp-page\" data-elementor-id=\"2454\" class=\"elementor elementor-2454\">\n\t\t\t\t\t\t<section class=\"elementor-section elementor-top-section elementor-element elementor-element-6e785a1 elementor-section-height-min-height elementor-section-full_width elementor-section-height-default elementor-section-items-middle\" data-id=\"6e785a1\" data-element_type=\"section\" data-settings=\"{&quot;background_background&quot;:&quot;slideshow&quot;,&quot;background_slideshow_gallery&quot;:[{&quot;id&quot;:2537,&quot;url&quot;:&quot;https:\\\/\\\/darkgrey-dinosaur-634286.hostingersite.com\\\/wp-content\\\/uploads\\\/2025\\\/05\\\/portada-quienes-somos-foto-1-scaled.jpg&quot;}],&quot;background_slideshow_loop&quot;:&quot;yes&quot;,&quot;background_slideshow_slide_duration&quot;:5000,&quot;background_slideshow_slide_transition&quot;:&quot;fade&quot;,&quot;background_slideshow_transition_duration&quot;:500}\">\n\t\t\t\t\t\t\t<div class=\"elementor-background-overlay\"><\/div>\n\t\t\t\t\t\t\t<div class=\"elementor-container elementor-column-gap-default\">\n\t\t\t\t\t<div class=\"elementor-column elementor-col-100 elementor-top-column elementor-element elementor-element-696ff69\" data-id=\"696ff69\" data-element_type=\"column\">\n\t\t\t<div class=\"elementor-widget-wrap\">\n\t\t\t\t\t\t\t<\/div>\n\t\t<\/div>\n\t\t\t\t\t<\/div>\n\t\t<\/section>\n\t\t<div class=\"elementor-element elementor-element-238e329 e-flex e-con-boxed e-con e-parent\" data-id=\"238e329\" data-element_type=\"container\">\n\t\t\t\t\t<div class=\"e-con-inner\">\n\t\t\t\t<div class=\"elementor-element elementor-element-502cd4e elementor-widget elementor-widget-heading\" data-id=\"502cd4e\" data-element_type=\"widget\" data-widget_type=\"heading.default\">\n\t\t\t\t<div class=\"elementor-widget-container\">\n\t\t\t\t\t<h1 class=\"elementor-heading-title elementor-size-default\">PRECIOS<\/h1>\t\t\t\t<\/div>\n\t\t\t\t<\/div>\n\t\t\t\t\t<\/div>\n\t\t\t\t<\/div>\n\t\t<div class=\"elementor-element elementor-element-c23b384 e-flex e-con-boxed e-con e-parent\" data-id=\"c23b384\" data-element_type=\"container\">\n\t\t\t\t\t<div class=\"e-con-inner\">\n\t\t<div class=\"elementor-element elementor-element-12af0c6 e-con-full e-flex e-con e-child\" data-id=\"12af0c6\" data-element_type=\"container\">\n\t\t\t\t<div class=\"elementor-element elementor-element-e8f913b elementor-view-default elementor-position-top elementor-mobile-position-top elementor-widget elementor-widget-icon-box\" data-id=\"e8f913b\" data-element_type=\"widget\" data-widget_type=\"icon-box.default\">\n\t\t\t\t<div class=\"elementor-widget-container\">\n\t\t\t\t\t\t\t<div class=\"elementor-icon-box-wrapper\">\n\n\t\t\t\t\t\t<div class=\"elementor-icon-box-icon\">\n\t\t\t\t<span  class=\"elementor-icon\">\n\t\t\t\t<svg aria-hidden=\"true\" class=\"e-font-icon-svg e-fas-restroom\" viewBox=\"0 0 640 512\" xmlns=\"http:\/\/www.w3.org\/2000\/svg\"><path d=\"M128 128c35.3 0 64-28.7 64-64S163.3 0 128 0 64 28.7 64 64s28.7 64 64 64zm384 0c35.3 0 64-28.7 64-64S547.3 0 512 0s-64 28.7-64 64 28.7 64 64 64zm127.3 226.5l-45.6-185.8c-3.3-13.5-15.5-23-29.8-24.2-15 9.7-32.8 15.5-52 15.5-19.2 0-37-5.8-52-15.5-14.3 1.2-26.5 10.7-29.8 24.2l-45.6 185.8C381 369.6 393 384 409.2 384H464v104c0 13.3 10.7 24 24 24h48c13.3 0 24-10.7 24-24V384h54.8c16.2 0 28.2-14.4 24.5-29.5zM336 0h-32c-8.8 0-16 7.2-16 16v480c0 8.8 7.2 16 16 16h32c8.8 0 16-7.2 16-16V16c0-8.8-7.2-16-16-16zM180.1 144.4c-15 9.8-32.9 15.6-52.1 15.6-19.2 0-37.1-5.8-52.1-15.6C51.3 146.5 32 166.9 32 192v136c0 13.3 10.7 24 24 24h8v136c0 13.3 10.7 24 24 24h80c13.3 0 24-10.7 24-24V352h8c13.3 0 24-10.7 24-24V192c0-25.1-19.3-45.5-43.9-47.6z\"><\/path><\/svg>\t\t\t\t<\/span>\n\t\t\t<\/div>\n\t\t\t\n\t\t\t\t\t\t<div class=\"elementor-icon-box-content\">\n\n\t\t\t\t\n\t\t\t\t\t\t\t\t\t<p class=\"elementor-icon-box-description\">\n\t\t\t\t\t\tAlbergue: 16\u20ac (50 plazas) <br>\nPensi\u00f3n: 30 plazas\t\t\t\t\t<\/p>\n\t\t\t\t\n\t\t\t<\/div>\n\t\t\t\n\t\t<\/div>\n\t\t\t\t\t\t<\/div>\n\t\t\t\t<\/div>\n\t\t\t\t<\/div>\n\t\t<div class=\"elementor-element elementor-element-61dbfa1 e-con-full e-flex e-con e-child\" data-id=\"61dbfa1\" data-element_type=\"container\">\n\t\t\t\t<div class=\"elementor-element elementor-element-cfd87aa elementor-view-default elementor-position-top elementor-mobile-position-top elementor-widget elementor-widget-icon-box\" data-id=\"cfd87aa\" data-element_type=\"widget\" data-widget_type=\"icon-box.default\">\n\t\t\t\t<div class=\"elementor-widget-container\">\n\t\t\t\t\t\t\t<div class=\"elementor-icon-box-wrapper\">\n\n\t\t\t\t\t\t<div class=\"elementor-icon-box-icon\">\n\t\t\t\t<span  class=\"elementor-icon\">\n\t\t\t\t<svg aria-hidden=\"true\" class=\"e-font-icon-svg e-fas-bed\" viewBox=\"0 0 640 512\" xmlns=\"http:\/\/www.w3.org\/2000\/svg\"><path d=\"M176 256c44.11 0 80-35.89 80-80s-35.89-80-80-80-80 35.89-80 80 35.89 80 80 80zm352-128H304c-8.84 0-16 7.16-16 16v144H64V80c0-8.84-7.16-16-16-16H16C7.16 64 0 71.16 0 80v352c0 8.84 7.16 16 16 16h32c8.84 0 16-7.16 16-16v-48h512v48c0 8.84 7.16 16 16 16h32c8.84 0 16-7.16 16-16V240c0-61.86-50.14-112-112-112z\"><\/path><\/svg>\t\t\t\t<\/span>\n\t\t\t<\/div>\n\t\t\t\n\t\t\t\t\t\t<div class=\"elementor-icon-box-content\">\n\n\t\t\t\t\t\t\t\t\t<h3 class=\"elementor-icon-box-title\">\n\t\t\t\t\t\t<span  >\n\t\t\t\t\t\t\tHabitaciones*\t\t\t\t\t\t<\/span>\n\t\t\t\t\t<\/h3>\n\t\t\t\t\n\t\t\t\t\t\t\t\t\t<p class=\"elementor-icon-box-description\">\n\t\t\t\t\t\tIndividual: 27\u20ac <br>\n2 Personas: 38\u20ac <br>\n3 Personas: 57\u20ac <br>\n4 Personas: 76\u20ac <br>\n5 Personas: 95\u20ac <br><br>\n*Ba\u00f1o compartido\t\t\t\t\t<\/p>\n\t\t\t\t\n\t\t\t<\/div>\n\t\t\t\n\t\t<\/div>\n\t\t\t\t\t\t<\/div>\n\t\t\t\t<\/div>\n\t\t\t\t<\/div>\n\t\t<div class=\"elementor-element elementor-element-9133491 e-con-full e-flex e-con e-child\" data-id=\"9133491\" data-element_type=\"container\">\n\t\t\t\t<div class=\"elementor-element elementor-element-271d19f elementor-view-default elementor-position-top elementor-mobile-position-top elementor-widget elementor-widget-icon-box\" data-id=\"271d19f\" data-element_type=\"widget\" data-widget_type=\"icon-box.default\">\n\t\t\t\t<div class=\"elementor-widget-container\">\n\t\t\t\t\t\t\t<div class=\"elementor-icon-box-wrapper\">\n\n\t\t\t\t\t\t<div class=\"elementor-icon-box-icon\">\n\t\t\t\t<span  class=\"elementor-icon\">\n\t\t\t\t<svg aria-hidden=\"true\" class=\"e-font-icon-svg e-fas-house-user\" viewBox=\"0 0 576 512\" xmlns=\"http:\/\/www.w3.org\/2000\/svg\"><path d=\"M570.69,236.27,512,184.44V48a16,16,0,0,0-16-16H432a16,16,0,0,0-16,16V99.67L314.78,10.3C308.5,4.61,296.53,0,288,0s-20.46,4.61-26.74,10.3l-256,226A18.27,18.27,0,0,0,0,248.2a18.64,18.64,0,0,0,4.09,10.71L25.5,282.7a21.14,21.14,0,0,0,12,5.3,21.67,21.67,0,0,0,10.69-4.11l15.9-14V480a32,32,0,0,0,32,32H480a32,32,0,0,0,32-32V269.88l15.91,14A21.94,21.94,0,0,0,538.63,288a20.89,20.89,0,0,0,11.87-5.31l21.41-23.81A21.64,21.64,0,0,0,576,248.19,21,21,0,0,0,570.69,236.27ZM288,176a64,64,0,1,1-64,64A64,64,0,0,1,288,176ZM400,448H176a16,16,0,0,1-16-16,96,96,0,0,1,96-96h64a96,96,0,0,1,96,96A16,16,0,0,1,400,448Z\"><\/path><\/svg>\t\t\t\t<\/span>\n\t\t\t<\/div>\n\t\t\t\n\t\t\t\t\t\t<div class=\"elementor-icon-box-content\">\n\n\t\t\t\t\t\t\t\t\t<h3 class=\"elementor-icon-box-title\">\n\t\t\t\t\t\t<span  >\n\t\t\t\t\t\t\tHabitaciones con ba\u00f1o privado*\t\t\t\t\t\t<\/span>\n\t\t\t\t\t<\/h3>\n\t\t\t\t\n\t\t\t\t\t\t\t\t\t<p class=\"elementor-icon-box-description\">\n\t\t\t\t\t\tIndividual: 40\u20ac<br>\n2 Personas (Cama de matrimonio): 53\u20ac<br>\n2 Personas (2 camas): 53\u20ac<br>\n3 Personas: 75\u20ac<br>\n4 Personas: 100\u20ac\t\t\t\t\t<\/p>\n\t\t\t\t\n\t\t\t<\/div>\n\t\t\t\n\t\t<\/div>\n\t\t\t\t\t\t<\/div>\n\t\t\t\t<\/div>\n\t\t\t\t<\/div>\n\t\t\t\t\t<\/div>\n\t\t\t\t<\/div>\n\t\t<div class=\"elementor-element elementor-element-8485615 e-flex e-con-boxed e-con e-parent\" data-id=\"8485615\" data-element_type=\"container\">\n\t\t\t\t\t<div class=\"e-con-inner\">\n\t\t\t\t<div class=\"elementor-element elementor-element-32d7a2a elementor-widget elementor-widget-text-editor\" data-id=\"32d7a2a\" data-element_type=\"widget\" data-widget_type=\"text-editor.default\">\n\t\t\t\t<div class=\"elementor-widget-container\">\n\t\t\t\t\t\t\t\t\t<p>Como <strong>albergue<\/strong> disponemos de <strong>50 plazas<\/strong>.&nbsp;Dentro del precio se incluyen las s\u00e1banas y las toallas.<\/p>\n<p><b>Colchones&nbsp;viscoel\u00e1sticos renovados en 2026<\/b>.<\/p>\n<p>Como <strong>pensi\u00f3n<\/strong> disponemos de <strong>30 plazas<\/strong> y el precio varia seg\u00fan el n\u00famero de personas, dentro del precio se incluyen las s\u00e1banas y las toallas.<\/p>\n<p>Los desayunos tanto para albergue como pensi\u00f3n tiene un coste de 5\u20ac (para grupos y previo aviso) e incluye:<br>&#8211; Caf\u00e9 con leche o Colacao<br>&#8211; 2 tostadas<br>&#8211; Cruas\u00e1n<\/p>\n<p>Los desayunos en cafeter\u00eda a 100 m. del albergue 5\u20ac<\/p>\n<p>Horario de desayuno en el albergue: A partir de las 7:00<\/p>\n<p>Horario en cafeter\u00eda a 100 m. del albergue: A partir de las 6:30<\/p>\n<p>En los meses de noviembre, diciembre, enero y febrero atendemos a peregrinos o grupos previa reserva. Estamos a su disposici\u00f3n para cualquiera duda o consulta.<\/p>\t\t\t\t\t\t\t\t<\/div>\n\t\t\t\t<\/div>\n\t\t\t\t\t<\/div>\n\t\t\t\t<\/div>\n\t\t\t\t<\/div>\n\t\t","protected":false},"excerpt":{"rendered":"<p>PRECIOS Albergue: 16\u20ac (50 plazas) Pensi\u00f3n: 30 plazas Habitaciones* Individual: 27\u20ac 2 Personas: 38\u20ac 3 Personas: 57\u20ac 4 Personas: 76\u20ac 5 Personas: 95\u20ac *Ba\u00f1o compartido Habitaciones con ba\u00f1o privado* Individual: 40\u20ac 2 Personas (Cama de matrimonio): 53\u20ac 2 Personas (2 camas): 53\u20ac 3 Personas: 75\u20ac 4 Personas: 100\u20ac Como albergue disponemos de 50 plazas.&nbsp;Dentro del&hellip;&nbsp;<a href=\"https:\/\/alberguesanjosenegreira.es\/en\/precios\/\" rel=\"bookmark\">Read More &raquo;<span class=\"screen-reader-text\">Precios<\/span><\/a><\/p>","protected":false},"author":1,"featured_media":2503,"parent":0,"menu_order":0,"comment_status":"closed","ping_status":"closed","template":"elementor_header_footer","meta":{"neve_meta_sidebar":"","neve_meta_container":"","neve_meta_enable_content_width":"","neve_meta_content_width":0,"neve_meta_title_alignment":"","neve_meta_author_avatar":"","neve_post_elements_order":"","neve_meta_disable_header":"","neve_meta_disable_footer":"","neve_meta_disable_title":"","neve_meta_reading_time":"","_ti_tpc_template_sync":false,"_ti_tpc_template_id":"","footnotes":""},"class_list":["post-2454","page","type-page","status-publish","has-post-thumbnail","hentry"],"yoast_head":"<!-- This site is optimized with the Yoast SEO plugin v27.2 - https:\/\/yoast.com\/product\/yoast-seo-wordpress\/ -->\n<title>Precios - Albergue San Jos\u00e9<\/title>\n<meta name=\"description\" content=\"Nuestras instalaciones han sido nominadas por turismo con 2 estrellas. Espacios amplios y acogedores para dar un servicio de m\u00e1xima calidad.\" \/>\n<meta name=\"robots\" content=\"index, follow, max-snippet:-1, max-image-preview:large, max-video-preview:-1\" \/>\n<link rel=\"canonical\" href=\"https:\/\/alberguesanjosenegreira.es\/en\/precios\/\" \/>\n<meta property=\"og:locale\" content=\"en_GB\" \/>\n<meta property=\"og:type\" content=\"article\" \/>\n<meta property=\"og:title\" content=\"Precios - Albergue San Jos\u00e9\" \/>\n<meta property=\"og:description\" content=\"Nuestras instalaciones han sido nominadas por turismo con 2 estrellas. Espacios amplios y acogedores para dar un servicio de m\u00e1xima calidad.\" \/>\n<meta property=\"og:url\" content=\"https:\/\/alberguesanjosenegreira.es\/en\/precios\/\" \/>\n<meta property=\"og:site_name\" content=\"Albergue San Jos\u00e9\" \/>\n<meta property=\"article:modified_time\" content=\"2026-03-13T10:40:04+00:00\" \/>\n<meta property=\"og:image\" content=\"https:\/\/alberguesanjosenegreira.es\/wp-content\/uploads\/2025\/03\/Diseno-sin-titulo.png\" \/>\n\t<meta property=\"og:image:width\" content=\"320\" \/>\n\t<meta property=\"og:image:height\" content=\"320\" \/>\n\t<meta property=\"og:image:type\" content=\"image\/png\" \/>\n<meta name=\"twitter:card\" content=\"summary_large_image\" \/>\n<meta name=\"twitter:label1\" content=\"Estimated reading time\" \/>\n\t<meta name=\"twitter:data1\" content=\"1 minute\" \/>\n<script type=\"application\/ld+json\" class=\"yoast-schema-graph\">{\"@context\":\"https:\/\/schema.org\",\"@graph\":[{\"@type\":\"WebPage\",\"@id\":\"https:\/\/alberguesanjosenegreira.es\/precios\/\",\"url\":\"https:\/\/alberguesanjosenegreira.es\/precios\/\",\"name\":\"Precios - Albergue San Jos\u00e9\",\"isPartOf\":{\"@id\":\"https:\/\/alberguesanjosenegreira.es\/#website\"},\"primaryImageOfPage\":{\"@id\":\"https:\/\/alberguesanjosenegreira.es\/precios\/#primaryimage\"},\"image\":{\"@id\":\"https:\/\/alberguesanjosenegreira.es\/precios\/#primaryimage\"},\"thumbnailUrl\":\"https:\/\/alberguesanjosenegreira.es\/wp-content\/uploads\/2025\/03\/Diseno-sin-titulo.png\",\"datePublished\":\"2025-03-03T11:28:12+00:00\",\"dateModified\":\"2026-03-13T10:40:04+00:00\",\"description\":\"Nuestras instalaciones han sido nominadas por turismo con 2 estrellas. Espacios amplios y acogedores para dar un servicio de m\u00e1xima calidad.\",\"breadcrumb\":{\"@id\":\"https:\/\/alberguesanjosenegreira.es\/precios\/#breadcrumb\"},\"inLanguage\":\"en-GB\",\"potentialAction\":[{\"@type\":\"ReadAction\",\"target\":[\"https:\/\/alberguesanjosenegreira.es\/precios\/\"]}]},{\"@type\":\"ImageObject\",\"inLanguage\":\"en-GB\",\"@id\":\"https:\/\/alberguesanjosenegreira.es\/precios\/#primaryimage\",\"url\":\"https:\/\/alberguesanjosenegreira.es\/wp-content\/uploads\/2025\/03\/Diseno-sin-titulo.png\",\"contentUrl\":\"https:\/\/alberguesanjosenegreira.es\/wp-content\/uploads\/2025\/03\/Diseno-sin-titulo.png\",\"width\":320,\"height\":320},{\"@type\":\"BreadcrumbList\",\"@id\":\"https:\/\/alberguesanjosenegreira.es\/precios\/#breadcrumb\",\"itemListElement\":[{\"@type\":\"ListItem\",\"position\":1,\"name\":\"Portada\",\"item\":\"https:\/\/alberguesanjosenegreira.es\/\"},{\"@type\":\"ListItem\",\"position\":2,\"name\":\"Precios\"}]},{\"@type\":\"WebSite\",\"@id\":\"https:\/\/alberguesanjosenegreira.es\/#website\",\"url\":\"https:\/\/alberguesanjosenegreira.es\/\",\"name\":\"AT Negreira no Cami\u00f1o\",\"description\":\"Albergue San Jos\u00e9\",\"publisher\":{\"@id\":\"https:\/\/alberguesanjosenegreira.es\/#organization\"},\"potentialAction\":[{\"@type\":\"SearchAction\",\"target\":{\"@type\":\"EntryPoint\",\"urlTemplate\":\"https:\/\/alberguesanjosenegreira.es\/?s={search_term_string}\"},\"query-input\":{\"@type\":\"PropertyValueSpecification\",\"valueRequired\":true,\"valueName\":\"search_term_string\"}}],\"inLanguage\":\"en-GB\"},{\"@type\":\"Organization\",\"@id\":\"https:\/\/alberguesanjosenegreira.es\/#organization\",\"name\":\"AT Negreira no Cami\u00f1o\",\"url\":\"https:\/\/alberguesanjosenegreira.es\/\",\"logo\":{\"@type\":\"ImageObject\",\"inLanguage\":\"en-GB\",\"@id\":\"https:\/\/alberguesanjosenegreira.es\/#\/schema\/logo\/image\/\",\"url\":\"https:\/\/alberguesanjosenegreira.es\/wp-content\/uploads\/2024\/06\/DSC07749-HDR-scaled.jpg\",\"contentUrl\":\"https:\/\/alberguesanjosenegreira.es\/wp-content\/uploads\/2024\/06\/DSC07749-HDR-scaled.jpg\",\"width\":2560,\"height\":1707,\"caption\":\"AT Negreira no Cami\u00f1o\"},\"image\":{\"@id\":\"https:\/\/alberguesanjosenegreira.es\/#\/schema\/logo\/image\/\"}}]}<\/script>\n<!-- \/ Yoast SEO plugin. -->","yoast_head_json":{"title":"Precios - Albergue San Jos\u00e9","description":"Nuestras instalaciones han sido nominadas por turismo con 2 estrellas. Espacios amplios y acogedores para dar un servicio de m\u00e1xima calidad.","robots":{"index":"index","follow":"follow","max-snippet":"max-snippet:-1","max-image-preview":"max-image-preview:large","max-video-preview":"max-video-preview:-1"},"canonical":"https:\/\/alberguesanjosenegreira.es\/en\/precios\/","og_locale":"en_GB","og_type":"article","og_title":"Precios - Albergue San Jos\u00e9","og_description":"Nuestras instalaciones han sido nominadas por turismo con 2 estrellas. Espacios amplios y acogedores para dar un servicio de m\u00e1xima calidad.","og_url":"https:\/\/alberguesanjosenegreira.es\/en\/precios\/","og_site_name":"Albergue San Jos\u00e9","article_modified_time":"2026-03-13T10:40:04+00:00","og_image":[{"width":320,"height":320,"url":"https:\/\/alberguesanjosenegreira.es\/wp-content\/uploads\/2025\/03\/Diseno-sin-titulo.png","type":"image\/png"}],"twitter_card":"summary_large_image","twitter_misc":{"Estimated reading time":"1 minute"},"schema":{"@context":"https:\/\/schema.org","@graph":[{"@type":"WebPage","@id":"https:\/\/alberguesanjosenegreira.es\/precios\/","url":"https:\/\/alberguesanjosenegreira.es\/precios\/","name":"Precios - Albergue San Jos\u00e9","isPartOf":{"@id":"https:\/\/alberguesanjosenegreira.es\/#website"},"primaryImageOfPage":{"@id":"https:\/\/alberguesanjosenegreira.es\/precios\/#primaryimage"},"image":{"@id":"https:\/\/alberguesanjosenegreira.es\/precios\/#primaryimage"},"thumbnailUrl":"https:\/\/alberguesanjosenegreira.es\/wp-content\/uploads\/2025\/03\/Diseno-sin-titulo.png","datePublished":"2025-03-03T11:28:12+00:00","dateModified":"2026-03-13T10:40:04+00:00","description":"Nuestras instalaciones han sido nominadas por turismo con 2 estrellas. Espacios amplios y acogedores para dar un servicio de m\u00e1xima calidad.","breadcrumb":{"@id":"https:\/\/alberguesanjosenegreira.es\/precios\/#breadcrumb"},"inLanguage":"en-GB","potentialAction":[{"@type":"ReadAction","target":["https:\/\/alberguesanjosenegreira.es\/precios\/"]}]},{"@type":"ImageObject","inLanguage":"en-GB","@id":"https:\/\/alberguesanjosenegreira.es\/precios\/#primaryimage","url":"https:\/\/alberguesanjosenegreira.es\/wp-content\/uploads\/2025\/03\/Diseno-sin-titulo.png","contentUrl":"https:\/\/alberguesanjosenegreira.es\/wp-content\/uploads\/2025\/03\/Diseno-sin-titulo.png","width":320,"height":320},{"@type":"BreadcrumbList","@id":"https:\/\/alberguesanjosenegreira.es\/precios\/#breadcrumb","itemListElement":[{"@type":"ListItem","position":1,"name":"Portada","item":"https:\/\/alberguesanjosenegreira.es\/"},{"@type":"ListItem","position":2,"name":"Precios"}]},{"@type":"WebSite","@id":"https:\/\/alberguesanjosenegreira.es\/#website","url":"https:\/\/alberguesanjosenegreira.es\/","name":"AT Negreira no Cami\u00f1o","description":"Albergue San Jos\u00e9","publisher":{"@id":"https:\/\/alberguesanjosenegreira.es\/#organization"},"potentialAction":[{"@type":"SearchAction","target":{"@type":"EntryPoint","urlTemplate":"https:\/\/alberguesanjosenegreira.es\/?s={search_term_string}"},"query-input":{"@type":"PropertyValueSpecification","valueRequired":true,"valueName":"search_term_string"}}],"inLanguage":"en-GB"},{"@type":"Organization","@id":"https:\/\/alberguesanjosenegreira.es\/#organization","name":"AT Negreira no Cami\u00f1o","url":"https:\/\/alberguesanjosenegreira.es\/","logo":{"@type":"ImageObject","inLanguage":"en-GB","@id":"https:\/\/alberguesanjosenegreira.es\/#\/schema\/logo\/image\/","url":"https:\/\/alberguesanjosenegreira.es\/wp-content\/uploads\/2024\/06\/DSC07749-HDR-scaled.jpg","contentUrl":"https:\/\/alberguesanjosenegreira.es\/wp-content\/uploads\/2024\/06\/DSC07749-HDR-scaled.jpg","width":2560,"height":1707,"caption":"AT Negreira no Cami\u00f1o"},"image":{"@id":"https:\/\/alberguesanjosenegreira.es\/#\/schema\/logo\/image\/"}}]}},"_links":{"self":[{"href":"https:\/\/alberguesanjosenegreira.es\/en\/wp-json\/wp\/v2\/pages\/2454","targetHints":{"allow":["GET"]}}],"collection":[{"href":"https:\/\/alberguesanjosenegreira.es\/en\/wp-json\/wp\/v2\/pages"}],"about":[{"href":"https:\/\/alberguesanjosenegreira.es\/en\/wp-json\/wp\/v2\/types\/page"}],"author":[{"embeddable":true,"href":"https:\/\/alberguesanjosenegreira.es\/en\/wp-json\/wp\/v2\/users\/1"}],"replies":[{"embeddable":true,"href":"https:\/\/alberguesanjosenegreira.es\/en\/wp-json\/wp\/v2\/comments?post=2454"}],"version-history":[{"count":26,"href":"https:\/\/alberguesanjosenegreira.es\/en\/wp-json\/wp\/v2\/pages\/2454\/revisions"}],"predecessor-version":[{"id":2576,"href":"https:\/\/alberguesanjosenegreira.es\/en\/wp-json\/wp\/v2\/pages\/2454\/revisions\/2576"}],"wp:featuredmedia":[{"embeddable":true,"href":"https:\/\/alberguesanjosenegreira.es\/en\/wp-json\/wp\/v2\/media\/2503"}],"wp:attachment":[{"href":"https:\/\/alberguesanjosenegreira.es\/en\/wp-json\/wp\/v2\/media?parent=2454"}],"curies":[{"name":"wp","href":"https:\/\/api.w.org\/{rel}","templated":true}]}}